{"id":196,"date":"2024-08-13T22:03:24","date_gmt":"2024-08-14T02:03:24","guid":{"rendered":"https:\/\/mediapurposed.com\/contactar\/"},"modified":"2024-08-15T12:35:21","modified_gmt":"2024-08-15T16:35:21","slug":"contactar","status":"publish","type":"page","link":"https:\/\/mediapurposed.com\/es\/contactar\/","title":{"rendered":"Contactar"},"content":{"rendered":"\n<div class=\"nfd-pt-lg wp-block-group alignfull has-background nfd-bg-surface nfd-theme-dark nfd-bg-effect-grid is-layout-constrained wp-block-group-is-layout-constrained\" style=\"background:linear-gradient(0deg,rgba(255,255,255,0) 15%,rgb(22,26,29) 15%)\">\n<div class=\"nfd-gap-4xl wp-block-group is-vertical is-content-justification-center is-layout-flex wp-container-core-group-is-layout-ce155fab wp-block-group-is-layout-flex\">\n<div class=\"nfd-container wp-block-group is-layout-constrained wp-block-group-is-layout-constrained\">\n<div class=\"nfd-gap-xl wp-block-group nfd-wb-animate nfd-wb-fade-in-bottom-short is-vertical is-content-justification-center is-layout-flex wp-container-core-group-is-layout-f9a93ed8 wp-block-group-is-layout-flex\">\n<h1 class=\"nfd-text-giga nfd-text-contrast nfd-text-balance wp-block-heading has-text-align-center\">Cont\u00e1ctanos<\/h1>\n\n\n\n<p class=\"nfd-text-md nfd-text-balance nfd-text-faded has-text-align-center\">Nos encantar\u00eda saber de ti. Estamos aqu\u00ed para responder a tus preguntas y escuchar tus sugerencias.<\/p>\n<\/div>\n<\/div>\n\n\n\n<div class=\"wp-block-group alignfull nfd-wb-animate nfd-wb-reveal-right is-content-justification-center is-nowrap is-layout-flex wp-container-core-group-is-layout-bcf5fd3f wp-block-group-is-layout-flex\" style=\"padding-top:0;padding-right:0;padding-bottom:0;padding-left:0\">\n<figure class=\"nfd-rounded-t-xl wp-block-image aligncenter size-large\"><img data-recalc-dims=\"1\" loading=\"lazy\" decoding=\"async\" width=\"1024\" height=\"683\" src=\"https:\/\/i0.wp.com\/mediapurposed.com\/wp-content\/uploads\/2024\/08\/Contact.jpg?resize=1024%2C683&#038;ssl=1\" alt=\"\" class=\"wp-image-134\" style=\"aspect-ratio:16\/9;object-fit:cover\" srcset=\"https:\/\/i0.wp.com\/mediapurposed.com\/wp-content\/uploads\/2024\/08\/Contact-scaled.jpg?resize=1024%2C683&amp;ssl=1 1024w, https:\/\/i0.wp.com\/mediapurposed.com\/wp-content\/uploads\/2024\/08\/Contact-scaled.jpg?resize=300%2C200&amp;ssl=1 300w, https:\/\/i0.wp.com\/mediapurposed.com\/wp-content\/uploads\/2024\/08\/Contact-scaled.jpg?resize=768%2C512&amp;ssl=1 768w, https:\/\/i0.wp.com\/mediapurposed.com\/wp-content\/uploads\/2024\/08\/Contact-scaled.jpg?resize=1536%2C1024&amp;ssl=1 1536w, https:\/\/i0.wp.com\/mediapurposed.com\/wp-content\/uploads\/2024\/08\/Contact-scaled.jpg?w=2000&amp;ssl=1 2000w\" sizes=\"auto, (max-width: 1000px) 100vw, 1000px\" \/><\/figure>\n<\/div>\n<\/div>\n<\/div>\n\n<div class=\"nfd-container nfd-p-md wp-block-group nfd-bg-surface nfd-theme-white is-layout-constrained wp-block-group-is-layout-constrained\">\n<div class=\"nfd-text-md nfd-gap-2xl wp-block-columns nfd-wb-animate nfd-wb-fade-in-bottom is-layout-flex wp-container-core-columns-is-layout-28f84493 wp-block-columns-is-layout-flex\">\n<div class=\"wp-block-column is-vertically-aligned-top is-layout-flow wp-container-core-column-is-layout-369f67fb wp-block-column-is-layout-flow\">\n<h2 class=\"wp-block-heading nfd-text-lg nfd-text-current\">Horas<\/h2>\n\n\n\n<div class=\"nfd-text-opacity-80 wp-block-group is-content-justification-left is-layout-constrained wp-container-core-group-is-layout-7526a028 wp-block-group-is-layout-constrained\">\n<p class=\"\"><strong>Lun &#8211; Vie<br\/><\/strong>9:00 am &#8211; 5:00 pm<\/p>\n\n\n\n<p class=\"\"><strong>S\u00e1b<\/strong><br\/>9:00 am &#8211; 2:00 pm<\/p>\n\n\n\n<p class=\"\"><strong>Dom<\/strong><br\/>Cerrado<\/p>\n<\/div>\n<\/div>\n\n\n\n<div class=\"wp-block-column is-vertically-aligned-top is-layout-flow wp-container-core-column-is-layout-369f67fb wp-block-column-is-layout-flow\">\n<h2 class=\"wp-block-heading nfd-text-lg nfd-text-current\">Ponte en contacto<\/h2>\n\n\n\n<div class=\"nfd-text-opacity-80 wp-block-group is-content-justification-left is-layout-constrained wp-container-core-group-is-layout-7526a028 wp-block-group-is-layout-constrained\">\n<p class=\"\"><strong>Correo electr\u00f3nico<br\/><\/strong><a href=\"mailto:contact@mediapurposed.com\">Contact@MediaPurpopsed.com<\/a><\/p>\n\n\n\n<p class=\"\"><strong>Tel\u00e9fono<\/strong><br\/>(513) 807-5271<\/p>\n<\/div>\n<\/div>\n\n\n\n<div class=\"wp-block-column is-vertically-aligned-top is-layout-flow wp-container-core-column-is-layout-369f67fb wp-block-column-is-layout-flow\">\n<h2 class=\"wp-block-heading nfd-text-lg nfd-text-current has-text-align-left\">Conectemos<\/h2>\n\n\n\n<ul class=\"is-style-default wp-block-social-links alignleft has-normal-icon-size has-icon-color has-icon-background-color is-content-justification-space-between is-layout-flex wp-container-core-social-links-is-layout-b2891da8 wp-block-social-links-is-layout-flex\"><li style=\"color:#a156cc;background-color:#0000000d;\" class=\"wp-social-link wp-social-link-instagram has-secondary-color wp-block-social-link\"><a href=\"https:\/\/www.instagram.com\/mediapurposedlatino\/\" class=\"wp-block-social-link-anchor\"><svg width=\"24\" height=\"24\" viewBox=\"0 0 24 24\" version=\"1.1\" xmlns=\"http:\/\/www.w3.org\/2000\/svg\" aria-hidden=\"true\" focusable=\"false\"><path d=\"M12,4.622c2.403,0,2.688,0.009,3.637,0.052c0.877,0.04,1.354,0.187,1.671,0.31c0.42,0.163,0.72,0.358,1.035,0.673 c0.315,0.315,0.51,0.615,0.673,1.035c0.123,0.317,0.27,0.794,0.31,1.671c0.043,0.949,0.052,1.234,0.052,3.637 s-0.009,2.688-0.052,3.637c-0.04,0.877-0.187,1.354-0.31,1.671c-0.163,0.42-0.358,0.72-0.673,1.035 c-0.315,0.315-0.615,0.51-1.035,0.673c-0.317,0.123-0.794,0.27-1.671,0.31c-0.949,0.043-1.233,0.052-3.637,0.052 s-2.688-0.009-3.637-0.052c-0.877-0.04-1.354-0.187-1.671-0.31c-0.42-0.163-0.72-0.358-1.035-0.673 c-0.315-0.315-0.51-0.615-0.673-1.035c-0.123-0.317-0.27-0.794-0.31-1.671C4.631,14.688,4.622,14.403,4.622,12 s0.009-2.688,0.052-3.637c0.04-0.877,0.187-1.354,0.31-1.671c0.163-0.42,0.358-0.72,0.673-1.035 c0.315-0.315,0.615-0.51,1.035-0.673c0.317-0.123,0.794-0.27,1.671-0.31C9.312,4.631,9.597,4.622,12,4.622 M12,3 C9.556,3,9.249,3.01,8.289,3.054C7.331,3.098,6.677,3.25,6.105,3.472C5.513,3.702,5.011,4.01,4.511,4.511 c-0.5,0.5-0.808,1.002-1.038,1.594C3.25,6.677,3.098,7.331,3.054,8.289C3.01,9.249,3,9.556,3,12c0,2.444,0.01,2.751,0.054,3.711 c0.044,0.958,0.196,1.612,0.418,2.185c0.23,0.592,0.538,1.094,1.038,1.594c0.5,0.5,1.002,0.808,1.594,1.038 c0.572,0.222,1.227,0.375,2.185,0.418C9.249,20.99,9.556,21,12,21s2.751-0.01,3.711-0.054c0.958-0.044,1.612-0.196,2.185-0.418 c0.592-0.23,1.094-0.538,1.594-1.038c0.5-0.5,0.808-1.002,1.038-1.594c0.222-0.572,0.375-1.227,0.418-2.185 C20.99,14.751,21,14.444,21,12s-0.01-2.751-0.054-3.711c-0.044-0.958-0.196-1.612-0.418-2.185c-0.23-0.592-0.538-1.094-1.038-1.594 c-0.5-0.5-1.002-0.808-1.594-1.038c-0.572-0.222-1.227-0.375-2.185-0.418C14.751,3.01,14.444,3,12,3L12,3z M12,7.378 c-2.552,0-4.622,2.069-4.622,4.622S9.448,16.622,12,16.622s4.622-2.069,4.622-4.622S14.552,7.378,12,7.378z M12,15 c-1.657,0-3-1.343-3-3s1.343-3,3-3s3,1.343,3,3S13.657,15,12,15z M16.804,6.116c-0.596,0-1.08,0.484-1.08,1.08 s0.484,1.08,1.08,1.08c0.596,0,1.08-0.484,1.08-1.08S17.401,6.116,16.804,6.116z\"><\/path><\/svg><span class=\"wp-block-social-link-label screen-reader-text\">Instagram<\/span><\/a><\/li>\n\n<li style=\"color:#a156cc;background-color:#0000000d;\" class=\"wp-social-link wp-social-link-facebook has-secondary-color wp-block-social-link\"><a href=\"https:\/\/www.facebook.com\/MediaPurposedLatino\" class=\"wp-block-social-link-anchor\"><svg width=\"24\" height=\"24\" viewBox=\"0 0 24 24\" version=\"1.1\" xmlns=\"http:\/\/www.w3.org\/2000\/svg\" aria-hidden=\"true\" focusable=\"false\"><path d=\"M12 2C6.5 2 2 6.5 2 12c0 5 3.7 9.1 8.4 9.9v-7H7.9V12h2.5V9.8c0-2.5 1.5-3.9 3.8-3.9 1.1 0 2.2.2 2.2.2v2.5h-1.3c-1.2 0-1.6.8-1.6 1.6V12h2.8l-.4 2.9h-2.3v7C18.3 21.1 22 17 22 12c0-5.5-4.5-10-10-10z\"><\/path><\/svg><span class=\"wp-block-social-link-label screen-reader-text\">Facebook<\/span><\/a><\/li>\n\n<li style=\"color:#a156cc;background-color:#0000000d;\" class=\"wp-social-link wp-social-link-x has-secondary-color wp-block-social-link\"><a href=\"https:\/\/x.com\/MediaPurposedLatino\" class=\"wp-block-social-link-anchor\"><svg width=\"24\" height=\"24\" viewBox=\"0 0 24 24\" version=\"1.1\" xmlns=\"http:\/\/www.w3.org\/2000\/svg\" aria-hidden=\"true\" focusable=\"false\"><path d=\"M13.982 10.622 20.54 3h-1.554l-5.693 6.618L8.745 3H3.5l6.876 10.007L3.5 21h1.554l6.012-6.989L15.868 21h5.245l-7.131-10.378Zm-2.128 2.474-.697-.997-5.543-7.93H8l4.474 6.4.697.996 5.815 8.318h-2.387l-4.745-6.787Z\" \/><\/svg><span class=\"wp-block-social-link-label screen-reader-text\">X<\/span><\/a><\/li><\/ul>\n<\/div>\n<\/div>\n<\/div>\n","protected":false},"excerpt":{"rendered":"<p>Cont\u00e1ctanos Nos encantar\u00eda saber de ti. Estamos aqu\u00ed para responder a tus preguntas y escuchar tus sugerencias. Horas Lun &#8211; Vie9:00 am &#8211; 5:00 pm S\u00e1b9:00 am &#8211; 2:00 pm DomCerrado Ponte en contacto Correo electr\u00f3nicoContact@MediaPurpopsed.com Tel\u00e9fono(513) 807-5271 Conectemos<\/p>\n","protected":false},"author":1,"featured_media":0,"parent":0,"menu_order":0,"comment_status":"closed","ping_status":"closed","template":"no-title","meta":{"nf_dc_page":"","footnotes":""},"class_list":["post-196","page","type-page","status-publish","hentry"],"jetpack_sharing_enabled":true,"_links":{"self":[{"href":"https:\/\/mediapurposed.com\/es\/wp-json\/wp\/v2\/pages\/196","targetHints":{"allow":["GET"]}}],"collection":[{"href":"https:\/\/mediapurposed.com\/es\/wp-json\/wp\/v2\/pages"}],"about":[{"href":"https:\/\/mediapurposed.com\/es\/wp-json\/wp\/v2\/types\/page"}],"author":[{"embeddable":true,"href":"https:\/\/mediapurposed.com\/es\/wp-json\/wp\/v2\/users\/1"}],"replies":[{"embeddable":true,"href":"https:\/\/mediapurposed.com\/es\/wp-json\/wp\/v2\/comments?post=196"}],"version-history":[{"count":5,"href":"https:\/\/mediapurposed.com\/es\/wp-json\/wp\/v2\/pages\/196\/revisions"}],"predecessor-version":[{"id":217,"href":"https:\/\/mediapurposed.com\/es\/wp-json\/wp\/v2\/pages\/196\/revisions\/217"}],"wp:attachment":[{"href":"https:\/\/mediapurposed.com\/es\/wp-json\/wp\/v2\/media?parent=196"}],"curies":[{"name":"wp","href":"https:\/\/api.w.org\/{rel}","templated":true}]}}