{"id":190,"date":"2024-08-13T22:06:53","date_gmt":"2024-08-14T02:06:53","guid":{"rendered":"https:\/\/mediapurposed.com\/blog\/"},"modified":"2024-09-12T17:32:08","modified_gmt":"2024-09-12T21:32:08","slug":"blog","status":"publish","type":"page","link":"https:\/\/mediapurposed.com\/es\/blog\/","title":{"rendered":"Blog"},"content":{"rendered":"\n<div class=\"nfd-container nfd-p-lg nfd-bg-surface nfd-theme-white is-style-nfd-theme-white wp-block-group is-layout-constrained wp-container-core-group-is-layout-81828466 wp-block-group-is-layout-constrained\">\n<div class=\"wp-block-group is-vertical is-layout-flex wp-container-core-group-is-layout-fe9cc265 wp-block-group-is-layout-flex\">\n<h1 class=\"nfd-text-giga nfd-text-contrast nfd-text-balance wp-block-heading has-text-align-center\">Blog<\/h1>\n<\/div>\n<\/div>\n\n\n\n<div class=\"nfd-container nfd-px-md nfd-bg-surface nfd-theme-white is-style-nfd-theme-white wp-block-group is-layout-constrained wp-container-core-group-is-layout-81828466 wp-block-group-is-layout-constrained\">\n<div class=\"nfd-query-loop-1 wp-block-query is-layout-flow wp-block-query-is-layout-flow\"><ul class=\"wp-block-post-template is-layout-flow wp-container-core-post-template-is-layout-674e989e wp-block-post-template-is-layout-flow\"><li class=\"wp-block-post post-267 post type-post status-publish format-standard has-post-thumbnail hentry category-nuestra-historia\">\n\n<div class=\"wp-block-columns is-layout-flex wp-container-core-columns-is-layout-d833a271 wp-block-columns-is-layout-flex\">\n<div class=\"wp-block-column is-layout-flow wp-block-column-is-layout-flow\" style=\"flex-basis:30%\"><figure style=\"aspect-ratio:1;width:100%;\" class=\"nfd-rounded-md wp-block-post-featured-image\"><a href=\"https:\/\/mediapurposed.com\/es\/nuestra-historia-comenzo-con-una-necesidad\/\" target=\"_self\"  ><img data-recalc-dims=\"1\" loading=\"lazy\" decoding=\"async\" width=\"2304\" height=\"1536\" src=\"https:\/\/i0.wp.com\/mediapurposed.com\/wp-content\/uploads\/2024\/08\/Featured-Our-Story.jpg?resize=2304%2C1536&#038;ssl=1\" class=\"attachment-post-thumbnail size-post-thumbnail wp-post-image\" alt=\"Nuestra historia comenz\u00f3 con una necesidad\" style=\"width:100%;height:100%;object-fit:cover;\" srcset=\"https:\/\/i0.wp.com\/mediapurposed.com\/wp-content\/uploads\/2024\/08\/Featured-Our-Story.jpg?w=2304&amp;ssl=1 2304w, https:\/\/i0.wp.com\/mediapurposed.com\/wp-content\/uploads\/2024\/08\/Featured-Our-Story.jpg?resize=300%2C200&amp;ssl=1 300w, https:\/\/i0.wp.com\/mediapurposed.com\/wp-content\/uploads\/2024\/08\/Featured-Our-Story.jpg?resize=1024%2C683&amp;ssl=1 1024w, https:\/\/i0.wp.com\/mediapurposed.com\/wp-content\/uploads\/2024\/08\/Featured-Our-Story.jpg?resize=768%2C512&amp;ssl=1 768w, https:\/\/i0.wp.com\/mediapurposed.com\/wp-content\/uploads\/2024\/08\/Featured-Our-Story.jpg?resize=1536%2C1024&amp;ssl=1 1536w, https:\/\/i0.wp.com\/mediapurposed.com\/wp-content\/uploads\/2024\/08\/Featured-Our-Story.jpg?resize=2048%2C1365&amp;ssl=1 2048w\" sizes=\"auto, (max-width: 1000px) 100vw, 1000px\" \/><\/a><\/figure><\/div>\n\n\n\n<div class=\"wp-block-column is-vertically-aligned-center is-layout-flow wp-block-column-is-layout-flow\" style=\"flex-basis:66.66%\">\n<div class=\"wp-block-group is-vertical is-layout-flex wp-container-core-group-is-layout-857c1e4e wp-block-group-is-layout-flex\">\n<div class=\"wp-block-group is-vertical is-layout-flex wp-container-core-group-is-layout-fe9cc265 wp-block-group-is-layout-flex\"><h2 style=\"font-style:normal;font-weight:500;\" class=\"nfd-text-balance wp-block-post-title\"><a href=\"https:\/\/mediapurposed.com\/es\/nuestra-historia-comenzo-con-una-necesidad\/\" target=\"_self\" >Nuestra historia comenz\u00f3 con una necesidad<\/a><\/h2>\n\n<div class=\"nfd-text-balance wp-block-post-excerpt\"><p class=\"wp-block-post-excerpt__excerpt\">Toda gran historia tiene un principio, un intermedio y un final. Sin embargo, en nuestro caso, nuestra agencia tiene un principio claro, un intermedio complicado y, en lugar&hellip;<\/p><p class=\"wp-block-post-excerpt__more-text\"><a class=\"wp-block-post-excerpt__more-link\" href=\"https:\/\/mediapurposed.com\/es\/nuestra-historia-comenzo-con-una-necesidad\/\"><strong>Seguir leyendo<\/strong><\/a><\/p><\/div><\/div>\n\n\n\n<div class=\"nfd-gap-md  nfd-text-base wp-block-group is-content-justification-left is-layout-flex wp-container-core-group-is-layout-bc8e6f51 wp-block-group-is-layout-flex\"><div class=\"nfd-text-faded wp-block-post-author has-text-color has-black-color\"><div class=\"wp-block-post-author__avatar\"><img alt='' src='https:\/\/secure.gravatar.com\/avatar\/e1cd43a45688d692bd95af72de02cd20d535e38387bc6a738dfe55b42094ef52?s=48&#038;d=mm&#038;r=g' srcset='https:\/\/secure.gravatar.com\/avatar\/e1cd43a45688d692bd95af72de02cd20d535e38387bc6a738dfe55b42094ef52?s=96&#038;d=mm&#038;r=g 2x' class='avatar avatar-48 photo' height='48' width='48' \/><\/div><div class=\"wp-block-post-author__content\"><p class=\"wp-block-post-author__name\">Jarissa<\/p><\/div><\/div>\n\n\n<div class=\"wp-block-group is-layout-constrained wp-block-group-is-layout-constrained\" style=\"border-left-width:2px;min-height:0.85em\"><\/div>\n\n\n<div class=\"nfd-text-faded wp-block-post-date\"><time datetime=\"2024-08-27T13:54:51-04:00\">27 de agosto de 2024<\/time><\/div>\n\n\n<div class=\"wp-block-group is-layout-constrained wp-block-group-is-layout-constrained\" style=\"border-left-width:2px;min-height:0.85em\"><\/div>\n\n\n\n<p class=\"nfd-text-faded\">4 min leer<\/p>\n<\/div>\n<\/div>\n<\/div>\n<\/div>\n\n<\/li><li class=\"wp-block-post post-411 post type-post status-publish format-standard has-post-thumbnail hentry category-liderazgo-intelectual\">\n\n<div class=\"wp-block-columns is-layout-flex wp-container-core-columns-is-layout-d833a271 wp-block-columns-is-layout-flex\">\n<div class=\"wp-block-column is-layout-flow wp-block-column-is-layout-flow\" style=\"flex-basis:30%\"><figure style=\"aspect-ratio:1;width:100%;\" class=\"nfd-rounded-md wp-block-post-featured-image\"><a href=\"https:\/\/mediapurposed.com\/es\/como-ser-un-mejor-comunicador-el-poder-de-las-palabras-pensadas\/\" target=\"_self\"  ><img data-recalc-dims=\"1\" decoding=\"async\" src=\"https:\/\/i0.wp.com\/mediapurposed.com\/wp-content\/uploads\/2024\/11\/Featured-Thoughtful-words-and-absolutes-scaled.jpg?ssl=1\" class=\"attachment-post-thumbnail size-post-thumbnail wp-post-image\" alt=\"C\u00f3mo Ser un Mejor Comunicador: El Poder de las Palabras Pensadas\" style=\"width:100%;height:100%;object-fit:cover;\" \/><\/a><\/figure><\/div>\n\n\n\n<div class=\"wp-block-column is-vertically-aligned-center is-layout-flow wp-block-column-is-layout-flow\" style=\"flex-basis:66.66%\">\n<div class=\"wp-block-group is-vertical is-layout-flex wp-container-core-group-is-layout-857c1e4e wp-block-group-is-layout-flex\">\n<div class=\"wp-block-group is-vertical is-layout-flex wp-container-core-group-is-layout-fe9cc265 wp-block-group-is-layout-flex\"><h2 style=\"font-style:normal;font-weight:500;\" class=\"nfd-text-balance wp-block-post-title\"><a href=\"https:\/\/mediapurposed.com\/es\/como-ser-un-mejor-comunicador-el-poder-de-las-palabras-pensadas\/\" target=\"_self\" >C\u00f3mo Ser un Mejor Comunicador: El Poder de las Palabras Pensadas<\/a><\/h2>\n\n<div class=\"nfd-text-balance wp-block-post-excerpt\"><p class=\"wp-block-post-excerpt__excerpt\">En el mundo actual, la comunicaci\u00f3n es clave. Ya sea que estemos conversando con un amigo, compartiendo una opini\u00f3n en las redes sociales o haciendo una presentaci\u00f3n en&hellip;<\/p><p class=\"wp-block-post-excerpt__more-text\"><a class=\"wp-block-post-excerpt__more-link\" href=\"https:\/\/mediapurposed.com\/es\/como-ser-un-mejor-comunicador-el-poder-de-las-palabras-pensadas\/\"><strong>Seguir leyendo<\/strong><\/a><\/p><\/div><\/div>\n\n\n\n<div class=\"nfd-gap-md  nfd-text-base wp-block-group is-content-justification-left is-layout-flex wp-container-core-group-is-layout-bc8e6f51 wp-block-group-is-layout-flex\"><div class=\"nfd-text-faded wp-block-post-author has-text-color has-black-color\"><div class=\"wp-block-post-author__avatar\"><img alt='' src='https:\/\/secure.gravatar.com\/avatar\/e1cd43a45688d692bd95af72de02cd20d535e38387bc6a738dfe55b42094ef52?s=48&#038;d=mm&#038;r=g' srcset='https:\/\/secure.gravatar.com\/avatar\/e1cd43a45688d692bd95af72de02cd20d535e38387bc6a738dfe55b42094ef52?s=96&#038;d=mm&#038;r=g 2x' class='avatar avatar-48 photo' height='48' width='48' \/><\/div><div class=\"wp-block-post-author__content\"><p class=\"wp-block-post-author__name\">Jarissa<\/p><\/div><\/div>\n\n\n<div class=\"wp-block-group is-layout-constrained wp-block-group-is-layout-constrained\" style=\"border-left-width:2px;min-height:0.85em\"><\/div>\n\n\n<div class=\"nfd-text-faded wp-block-post-date\"><time datetime=\"2024-11-08T18:57:04-05:00\">8 de noviembre de 2024<\/time><\/div>\n\n\n<div class=\"wp-block-group is-layout-constrained wp-block-group-is-layout-constrained\" style=\"border-left-width:2px;min-height:0.85em\"><\/div>\n\n\n\n<p class=\"nfd-text-faded\">4 min leer<\/p>\n<\/div>\n<\/div>\n<\/div>\n<\/div>\n\n<\/li><li class=\"wp-block-post post-295 post type-post status-publish format-standard has-post-thumbnail hentry category-proyectos\">\n\n<div class=\"wp-block-columns is-layout-flex wp-container-core-columns-is-layout-d833a271 wp-block-columns-is-layout-flex\">\n<div class=\"wp-block-column is-layout-flow wp-block-column-is-layout-flow\" style=\"flex-basis:30%\"><figure style=\"aspect-ratio:1;width:100%;\" class=\"nfd-rounded-md wp-block-post-featured-image\"><a href=\"https:\/\/mediapurposed.com\/es\/volantes-bilingues-para-propietario-de-empresas-de-remodelacion-y-catering\/\" target=\"_self\"  ><img data-recalc-dims=\"1\" loading=\"lazy\" decoding=\"async\" width=\"1920\" height=\"1080\" src=\"https:\/\/i0.wp.com\/mediapurposed.com\/wp-content\/uploads\/2024\/09\/2-1.jpg?resize=1920%2C1080&#038;ssl=1\" class=\"attachment-post-thumbnail size-post-thumbnail wp-post-image\" alt=\"Volantes biling\u00fces para propietario de empresas de remodelaci\u00f3n y catering\" style=\"width:100%;height:100%;object-fit:cover;\" srcset=\"https:\/\/i0.wp.com\/mediapurposed.com\/wp-content\/uploads\/2024\/09\/2-1.jpg?w=1920&amp;ssl=1 1920w, https:\/\/i0.wp.com\/mediapurposed.com\/wp-content\/uploads\/2024\/09\/2-1.jpg?resize=300%2C169&amp;ssl=1 300w, https:\/\/i0.wp.com\/mediapurposed.com\/wp-content\/uploads\/2024\/09\/2-1.jpg?resize=1024%2C576&amp;ssl=1 1024w, https:\/\/i0.wp.com\/mediapurposed.com\/wp-content\/uploads\/2024\/09\/2-1.jpg?resize=768%2C432&amp;ssl=1 768w, https:\/\/i0.wp.com\/mediapurposed.com\/wp-content\/uploads\/2024\/09\/2-1.jpg?resize=1536%2C864&amp;ssl=1 1536w\" sizes=\"auto, (max-width: 1000px) 100vw, 1000px\" \/><\/a><\/figure><\/div>\n\n\n\n<div class=\"wp-block-column is-vertically-aligned-center is-layout-flow wp-block-column-is-layout-flow\" style=\"flex-basis:66.66%\">\n<div class=\"wp-block-group is-vertical is-layout-flex wp-container-core-group-is-layout-857c1e4e wp-block-group-is-layout-flex\">\n<div class=\"wp-block-group is-vertical is-layout-flex wp-container-core-group-is-layout-fe9cc265 wp-block-group-is-layout-flex\"><h2 style=\"font-style:normal;font-weight:500;\" class=\"nfd-text-balance wp-block-post-title\"><a href=\"https:\/\/mediapurposed.com\/es\/volantes-bilingues-para-propietario-de-empresas-de-remodelacion-y-catering\/\" target=\"_self\" >Volantes biling\u00fces para propietario de empresas de remodelaci\u00f3n y catering<\/a><\/h2>\n\n<div class=\"nfd-text-balance wp-block-post-excerpt\"><p class=\"wp-block-post-excerpt__excerpt\">Un empresario se puso en contacto con nosotros en busca de material impreso para promocionar dos empresas. Nos pidi\u00f3 espec\u00edficamente folletos impresos para tener algo tangible que distribuir&hellip;<\/p><p class=\"wp-block-post-excerpt__more-text\"><a class=\"wp-block-post-excerpt__more-link\" href=\"https:\/\/mediapurposed.com\/es\/volantes-bilingues-para-propietario-de-empresas-de-remodelacion-y-catering\/\"><strong>Seguir leyendo<\/strong><\/a><\/p><\/div><\/div>\n\n\n\n<div class=\"nfd-gap-md  nfd-text-base wp-block-group is-content-justification-left is-layout-flex wp-container-core-group-is-layout-bc8e6f51 wp-block-group-is-layout-flex\"><div class=\"nfd-text-faded wp-block-post-author has-text-color has-black-color\"><div class=\"wp-block-post-author__avatar\"><img alt='' src='https:\/\/secure.gravatar.com\/avatar\/e1cd43a45688d692bd95af72de02cd20d535e38387bc6a738dfe55b42094ef52?s=48&#038;d=mm&#038;r=g' srcset='https:\/\/secure.gravatar.com\/avatar\/e1cd43a45688d692bd95af72de02cd20d535e38387bc6a738dfe55b42094ef52?s=96&#038;d=mm&#038;r=g 2x' class='avatar avatar-48 photo' height='48' width='48' \/><\/div><div class=\"wp-block-post-author__content\"><p class=\"wp-block-post-author__name\">Jarissa<\/p><\/div><\/div>\n\n\n<div class=\"wp-block-group is-layout-constrained wp-block-group-is-layout-constrained\" style=\"border-left-width:2px;min-height:0.85em\"><\/div>\n\n\n<div class=\"nfd-text-faded wp-block-post-date\"><time datetime=\"2024-09-12T17:27:21-04:00\">12 de septiembre de 2024<\/time><\/div>\n\n\n<div class=\"wp-block-group is-layout-constrained wp-block-group-is-layout-constrained\" style=\"border-left-width:2px;min-height:0.85em\"><\/div>\n\n\n\n<p class=\"nfd-text-faded\">4 min leer<\/p>\n<\/div>\n<\/div>\n<\/div>\n<\/div>\n\n<\/li><\/ul>\n\n<\/div>\n<\/div>\n\n\n\n<div style=\"height:100px\" aria-hidden=\"true\" class=\"wp-block-spacer\"><\/div>\n","protected":false},"excerpt":{"rendered":"<p>Blog<\/p>\n","protected":false},"author":1,"featured_media":0,"parent":0,"menu_order":0,"comment_status":"closed","ping_status":"closed","template":"no-title","meta":{"nf_dc_page":"","footnotes":""},"class_list":["post-190","page","type-page","status-publish","hentry"],"jetpack_sharing_enabled":true,"_links":{"self":[{"href":"https:\/\/mediapurposed.com\/es\/wp-json\/wp\/v2\/pages\/190","targetHints":{"allow":["GET"]}}],"collection":[{"href":"https:\/\/mediapurposed.com\/es\/wp-json\/wp\/v2\/pages"}],"about":[{"href":"https:\/\/mediapurposed.com\/es\/wp-json\/wp\/v2\/types\/page"}],"author":[{"embeddable":true,"href":"https:\/\/mediapurposed.com\/es\/wp-json\/wp\/v2\/users\/1"}],"replies":[{"embeddable":true,"href":"https:\/\/mediapurposed.com\/es\/wp-json\/wp\/v2\/comments?post=190"}],"version-history":[{"count":5,"href":"https:\/\/mediapurposed.com\/es\/wp-json\/wp\/v2\/pages\/190\/revisions"}],"predecessor-version":[{"id":299,"href":"https:\/\/mediapurposed.com\/es\/wp-json\/wp\/v2\/pages\/190\/revisions\/299"}],"wp:attachment":[{"href":"https:\/\/mediapurposed.com\/es\/wp-json\/wp\/v2\/media?parent=190"}],"curies":[{"name":"wp","href":"https:\/\/api.w.org\/{rel}","templated":true}]}}